{"id":13158,"date":"2016-06-20T07:48:11","date_gmt":"2016-06-20T07:48:11","guid":{"rendered":"https:\/\/sitpanama.net\/inicio\/"},"modified":"2025-05-22T14:38:15","modified_gmt":"2025-05-22T14:38:15","slug":"inicio","status":"publish","type":"page","link":"https:\/\/sitpanama.net\/en\/","title":{"rendered":"Home"},"content":{"rendered":"<div class=\"wpb-content-wrapper\"><p>[vc_section full_width=&#8221;stretch_row&#8221; css_animation=&#8221;fadeIn&#8221; css=&#8221;.vc_custom_1678130896433{padding-top: 60px !important;padding-bottom: 35px !important;}&#8221; conditional_render=&#8221;%5B%7B%22value_role%22%3A%22administrator%22%7D%5D&#8221;][vc_row][vc_column width=&#8221;1\/2&#8243;][vc_single_image image=&#8221;12172&#8243; img_size=&#8221;full&#8221; alignment=&#8221;center&#8221;][\/vc_column][vc_column width=&#8221;1\/2&#8243; el_class=&#8221;pl-lg-5&#8243; conditional_render=&#8221;%5B%7B%22value_role%22%3A%22administrator%22%7D%5D&#8221;]<div class=\"porto-u-heading  wpb_custom_9468b4175ed92f04d009356c5991818d\" data-hspacer=\"no_spacer\" data-halign=\"center\" style=\"text-align:center\"><div class=\"porto-u-main-heading\"><h2   style=\"color:#808181;\">\u00bfQui\u00e9nes somos?<\/h2><\/div><div class=\"porto-u-sub-heading\" style=\"\">Sobre nosotros<\/div><\/div>[vc_column_text css_animation=&#8221;fadeInRight&#8221;]Le ayudamos a lograr sus objetivos empresariales y financieros mediante<br \/>\nsoluciones tecnol\u00f3gicas de \u00faltima generaci\u00f3n. En SIT Panam\u00e1 creemos<br \/>\nfielmente que la tecnolog\u00eda juega un papel muy fundamental en el<br \/>\ndesarrollo de la regi\u00f3n.[\/vc_column_text][vc_btn title=&#8221;LEER M\u00c1S&#8221; shape=&#8221;rounded&#8221; size=&#8221;xl&#8221; align=&#8221;left&#8221; skin=&#8221;primary&#8221; btn_fw=&#8221;700&#8243; link=&#8221;url:https%3A%2F%2Fsitpanama.net%2Fquienes-somos%2F&#8221;][\/vc_column][\/vc_row][\/vc_section][vc_section full_width=&#8221;stretch_row&#8221; conditional_render=&#8221;%5B%7B%22value_role%22%3A%22administrator%22%7D%5D&#8221; css=&#8221;.vc_custom_1682005160466{padding-top: 50px !important;padding-bottom: 50px !important;background-color: #f4f4f4 !important;}&#8221;][vc_row css=&#8221;.vc_custom_1678130880963{padding-bottom: 15px !important;}&#8221; conditional_render=&#8221;%5B%7B%22value_role%22%3A%22administrator%22%7D%5D&#8221;][vc_column]<div class=\"porto-u-heading  wpb_custom_9468b4175ed92f04d009356c5991818d\" data-hspacer=\"no_spacer\" data-halign=\"center\" style=\"text-align:center\"><div class=\"porto-u-main-heading\"><h2   style=\"color:#808181;\">SIT Panam\u00e1<\/h2><\/div><div class=\"porto-u-sub-heading\" style=\"\">Servicios<\/div><\/div>[\/vc_column][\/vc_row][vc_row css=&#8221;.vc_custom_1682005147330{padding-bottom: 35px !important;}&#8221; conditional_render=&#8221;%5B%7B%22value_role%22%3A%22administrator%22%7D%5D&#8221;][vc_column el_class=&#8221;content-mansori left&#8221; conditional_render=&#8221;%5B%7B%22value_role%22%3A%22administrator%22%7D%5D&#8221; offset=&#8221;vc_col-md-6&#8243;][vc_row_inner][vc_column_inner el_class=&#8221;content-mansori-inner left color-1&#8243;][vc_single_image image=&#8221;12176&#8243; img_size=&#8221;full&#8221; alignment=&#8221;center&#8221; onclick=&#8221;custom_link&#8221; css=&#8221;.vc_custom_1678130174381{margin-bottom: 0px !important;}&#8221;]<div class=\"porto-u-heading content-mansori-textos mb-0  wpb_custom_6d87f0feb47ddbfe0d7412448af0ec86\" data-hspacer=\"no_spacer\" data-halign=\"left\" style=\"text-align:left\"><div class=\"porto-u-main-heading\"><h2   style=\"color:#ffffff;\">Consultor\u00eda<\/h2><\/div><\/div>[vc_column_text el_class=&#8221;parrafo-up&#8221;]Maximice el valor de su inversi\u00f3n mejorando la eficiencia de sus operaciones para mantenerse competitivo en su mercado.<\/p>\n<div class=\"leer-mas-plano\"><a href=\"https:\/\/sitpanama.net\/servicios\/#consultoria\">LEER M\u00c1S<\/a><\/div>\n<p>[\/vc_column_text][\/vc_column_inner][\/vc_row_inner][\/vc_column][vc_column offset=&#8221;vc_col-md-6&#8243; conditional_render=&#8221;%5B%7B%22value_role%22%3A%22administrator%22%7D%5D&#8221; el_class=&#8221;content-mansori right&#8221;][vc_row_inner][vc_column_inner el_class=&#8221;content-mansori-inner btn color-4&#8243;][vc_single_image image=&#8221;12180&#8243; img_size=&#8221;full&#8221; alignment=&#8221;center&#8221; css=&#8221;.vc_custom_1678131837721{margin-bottom: 0px !important;}&#8221;]<div class=\"porto-u-heading content-mansori-textos mb-0  wpb_custom_6d87f0feb47ddbfe0d7412448af0ec86\" data-hspacer=\"no_spacer\" data-halign=\"left\" style=\"text-align:left\"><div class=\"porto-u-main-heading\"><h2   style=\"color:#ffffff;\">Desarrollo<\/h2><\/div><\/div>[vc_column_text el_class=&#8221;parrafo-up&#8221;]Creamos y mejoramos constantemente soluciones para satisfacer las demandas de su empresa, optimizando sus operaciones.<\/p>\n<div class=\"leer-mas-plano\"><a href=\"https:\/\/sitpanama.net\/servicios\/#desarrollo\">LEER M\u00c1S<\/a><\/div>\n<p>[\/vc_column_text][\/vc_column_inner][\/vc_row_inner][vc_row_inner][vc_column_inner el_class=&#8221;content-mansori-inner btn color-4&#8243;][vc_single_image image=&#8221;12181&#8243; img_size=&#8221;full&#8221; alignment=&#8221;center&#8221; css=&#8221;.vc_custom_1678131945332{margin-bottom: 0px !important;}&#8221;]<div class=\"porto-u-heading content-mansori-textos mb-0  wpb_custom_fbb14d381b1619bdee23944ae750540b\" data-hspacer=\"no_spacer\" data-halign=\"left\" style=\"text-align:left\"><div class=\"porto-u-main-heading\"><h2   style=\"color:#ffffff;\">IT<\/h2><\/div><\/div>[vc_column_text el_class=&#8221;parrafo-up&#8221;]Suministro, gesti\u00f3n, mantenimiento y soporte de soluciones para mejorar la eficiencia y rendimiento de la empresa.<\/p>\n<div class=\"leer-mas-plano\"><a href=\"https:\/\/sitpanama.net\/servicios\/#it\">LEER M\u00c1S<\/a><\/div>\n<p>[\/vc_column_text][\/vc_column_inner][\/vc_row_inner][\/vc_column][\/vc_row][\/vc_section][vc_section full_width=&#8221;stretch_row&#8221; conditional_render=&#8221;%5B%7B%22value_role%22%3A%22administrator%22%7D%5D&#8221; css=&#8221;.vc_custom_1682005064935{padding-top: 50px !important;}&#8221;][vc_row css=&#8221;.vc_custom_1678130880963{padding-bottom: 15px !important;}&#8221; conditional_render=&#8221;%5B%7B%22value_role%22%3A%22administrator%22%7D%5D&#8221;][vc_column]<div class=\"porto-u-heading  wpb_custom_9468b4175ed92f04d009356c5991818d\" data-hspacer=\"no_spacer\" data-halign=\"center\" style=\"text-align:center\"><div class=\"porto-u-main-heading\"><h2   style=\"color:#808181;\">Nuestras<\/h2><\/div><div class=\"porto-u-sub-heading\" style=\"\">Marcas<\/div><\/div>[\/vc_column][\/vc_row][vc_row css=&#8221;.vc_custom_1678138730356{padding-bottom: 35px !important;}&#8221; conditional_render=&#8221;%5B%7B%22value_role%22%3A%22administrator%22%7D%5D&#8221;][vc_column]<div class=\"porto-carousel owl-carousel has-ccols has-ccols-spacing ccols-xl-5 ccols-lg-4 ccols-md-3 ccols-sm-2 ccols-1 with-carrusel stage-margin wpb_custom_324659f3639fc50e0d07e21da55ccd7b nav-style-1\" data-plugin-options=\"{&quot;stagePadding&quot;:20,&quot;margin&quot;:20,&quot;autoplay&quot;:&quot;yes&quot;,&quot;mouseDrag&quot;:true,&quot;touchDrag&quot;:true,&quot;autoplayTimeout&quot;:3500,&quot;autoplayHoverPause&quot;:&quot;true&quot;,&quot;items&quot;:5,&quot;lg&quot;:4,&quot;md&quot;:3,&quot;sm&quot;:2,&quot;xs&quot;:1,&quot;nav&quot;:&quot;yes&quot;,&quot;dots&quot;:false,&quot;animateIn&quot;:&quot;&quot;,&quot;animateOut&quot;:&quot;&quot;,&quot;loop&quot;:&quot;yes&quot;,&quot;center&quot;:false,&quot;video&quot;:false,&quot;lazyLoad&quot;:false,&quot;fullscreen&quot;:false}\">[vc_single_image image=&#8221;12197&#8243; img_size=&#8221;full&#8221; alignment=&#8221;center&#8221;][vc_single_image image=&#8221;12199&#8243; img_size=&#8221;full&#8221; alignment=&#8221;center&#8221;][vc_single_image image=&#8221;12217&#8243; img_size=&#8221;full&#8221; alignment=&#8221;center&#8221;][vc_single_image image=&#8221;12216&#8243; img_size=&#8221;full&#8221; alignment=&#8221;center&#8221;][vc_single_image image=&#8221;12215&#8243; img_size=&#8221;full&#8221; alignment=&#8221;center&#8221;][vc_single_image image=&#8221;12214&#8243; img_size=&#8221;full&#8221; alignment=&#8221;center&#8221;][vc_single_image image=&#8221;12213&#8243; img_size=&#8221;full&#8221; alignment=&#8221;center&#8221;][vc_single_image image=&#8221;12212&#8243; img_size=&#8221;full&#8221; alignment=&#8221;center&#8221;][vc_single_image image=&#8221;12211&#8243; img_size=&#8221;full&#8221; alignment=&#8221;center&#8221;][vc_single_image image=&#8221;12210&#8243; img_size=&#8221;full&#8221; alignment=&#8221;center&#8221;][vc_single_image image=&#8221;12209&#8243; img_size=&#8221;full&#8221; alignment=&#8221;center&#8221;][vc_single_image image=&#8221;12208&#8243; img_size=&#8221;full&#8221; alignment=&#8221;center&#8221;][vc_single_image image=&#8221;12207&#8243; img_size=&#8221;full&#8221; alignment=&#8221;center&#8221;][vc_single_image image=&#8221;12206&#8243; img_size=&#8221;full&#8221; alignment=&#8221;center&#8221;][vc_single_image image=&#8221;12205&#8243; img_size=&#8221;full&#8221; alignment=&#8221;center&#8221;][vc_single_image image=&#8221;12204&#8243; img_size=&#8221;full&#8221; alignment=&#8221;center&#8221;][vc_single_image image=&#8221;12203&#8243; img_size=&#8221;full&#8221; alignment=&#8221;center&#8221;][vc_single_image image=&#8221;12202&#8243; img_size=&#8221;full&#8221; alignment=&#8221;center&#8221;][vc_single_image image=&#8221;12201&#8243; img_size=&#8221;full&#8221; alignment=&#8221;center&#8221;][vc_single_image image=&#8221;12200&#8243; img_size=&#8221;full&#8221; alignment=&#8221;center&#8221;]<\/div>[\/vc_column][\/vc_row][\/vc_section][vc_section full_width=&#8221;stretch_row&#8221; conditional_render=&#8221;%5B%7B%22value_role%22%3A%22administrator%22%7D%5D&#8221; css=&#8221;.vc_custom_1682005103267{padding-top: 60px !important;padding-bottom: 35px !important;background-color: #f4f4f4 !important;}&#8221;][vc_row css=&#8221;.vc_custom_1678130880963{padding-bottom: 15px !important;}&#8221; conditional_render=&#8221;%5B%7B%22value_role%22%3A%22administrator%22%7D%5D&#8221;][vc_column]<div class=\"porto-u-heading  wpb_custom_9468b4175ed92f04d009356c5991818d\" data-hspacer=\"no_spacer\" data-halign=\"center\" style=\"text-align:center\"><div class=\"porto-u-main-heading\"><h2   style=\"color:#808181;\">Conoce nuestro<\/h2><\/div><div class=\"porto-u-sub-heading\" style=\"\">Cat\u00e1logo de Productos y Servicios<\/div><\/div>[\/vc_column][\/vc_row][vc_row][vc_column]<div class=\"porto-carousel owl-carousel has-ccols ccols-xl-4 ccols-lg-4 ccols-md-3 ccols-sm-2 ccols-1 wpb_custom_c86c2fb53cae9eced42d4b8900a042f3 nav-pos-outside big-nav\" data-plugin-options=\"{&quot;stagePadding&quot;:0,&quot;margin&quot;:0,&quot;autoplay&quot;:&quot;yes&quot;,&quot;mouseDrag&quot;:true,&quot;touchDrag&quot;:true,&quot;autoplayTimeout&quot;:3500,&quot;autoplayHoverPause&quot;:&quot;true&quot;,&quot;items&quot;:4,&quot;lg&quot;:4,&quot;md&quot;:3,&quot;sm&quot;:2,&quot;xs&quot;:1,&quot;nav&quot;:&quot;yes&quot;,&quot;dots&quot;:false,&quot;animateIn&quot;:&quot;&quot;,&quot;animateOut&quot;:&quot;&quot;,&quot;loop&quot;:&quot;yes&quot;,&quot;center&quot;:false,&quot;video&quot;:false,&quot;lazyLoad&quot;:false,&quot;fullscreen&quot;:false}\">[vc_row_inner el_class=&#8221;content-serv-link&#8221;][vc_column_inner css=&#8221;.vc_custom_1682616976454{padding-top: 10px !important;padding-right: 15px !important;padding-bottom: 10px !important;padding-left: 15px !important;}&#8221;][vc_single_image image=&#8221;12651&#8243; img_size=&#8221;full&#8221; alignment=&#8221;center&#8221; css=&#8221;.vc_custom_1682350253383{margin-bottom: 10px !important;}&#8221;]<div class=\"porto-u-heading  wpb_custom_ca7745733337c8ed2017c346bae54ed8\" data-hspacer=\"no_spacer\" data-halign=\"center\" style=\"text-align:center\"><div class=\"porto-u-main-heading\"><h2   style=\"margin-bottom: 30px;\">Soluciones Hechas<\/h2><\/div><div class=\"porto-u-sub-heading\" style=\"\">\n<div class=\"content-btn\">\n<div class=\"content-btn_iner\"><a class=\"btn-cotizar\" href=\"https:\/\/sitpanama.net\/soluciones-hechas\/\">VER PRODUCTOS<\/a><\/div>\n<\/div>\n<p><\/div><\/div>[\/vc_column_inner][\/vc_row_inner][vc_row_inner el_class=&#8221;content-serv-link&#8221;][vc_column_inner css=&#8221;.vc_custom_1682616976454{padding-top: 10px !important;padding-right: 15px !important;padding-bottom: 10px !important;padding-left: 15px !important;}&#8221;][vc_single_image image=&#8221;12346&#8243; img_size=&#8221;full&#8221; alignment=&#8221;center&#8221; css=&#8221;.vc_custom_1682350638757{margin-bottom: 10px !important;}&#8221;]<div class=\"porto-u-heading  wpb_custom_ca7745733337c8ed2017c346bae54ed8\" data-hspacer=\"no_spacer\" data-halign=\"center\" style=\"text-align:center\"><div class=\"porto-u-main-heading\"><h2   style=\"margin-bottom: 30px;\">Computadoras y Monitores<\/h2><\/div><div class=\"porto-u-sub-heading\" style=\"\">\n<div class=\"content-btn\">\n<div class=\"content-btn_iner\"><a class=\"btn-cotizar\" href=\"https:\/\/sitpanama.net\/computadoras-y-monitores\/\">VER PRODUCTOS<\/a><\/div>\n<\/div>\n<p><\/div><\/div>[\/vc_column_inner][\/vc_row_inner][vc_row_inner el_class=&#8221;content-serv-link&#8221;][vc_column_inner css=&#8221;.vc_custom_1682616976454{padding-top: 10px !important;padding-right: 15px !important;padding-bottom: 10px !important;padding-left: 15px !important;}&#8221;][vc_single_image image=&#8221;12365&#8243; img_size=&#8221;full&#8221; alignment=&#8221;center&#8221; css=&#8221;.vc_custom_1682350686315{margin-bottom: 10px !important;}&#8221;]<div class=\"porto-u-heading  wpb_custom_ca7745733337c8ed2017c346bae54ed8\" data-hspacer=\"no_spacer\" data-halign=\"center\" style=\"text-align:center\"><div class=\"porto-u-main-heading\"><h2   style=\"margin-bottom: 30px;\">Accesorios &amp; Perif\u00e9ricos<\/h2><\/div><div class=\"porto-u-sub-heading\" style=\"\">\n<div class=\"content-btn\">\n<div class=\"content-btn_iner\"><a class=\"btn-cotizar\" href=\"https:\/\/sitpanama.net\/accesorios-perifericos\/\">VER PRODUCTOS<\/a><\/div>\n<\/div>\n<p><\/div><\/div>[\/vc_column_inner][\/vc_row_inner][vc_row_inner el_class=&#8221;content-serv-link&#8221;][vc_column_inner css=&#8221;.vc_custom_1682616976454{padding-top: 10px !important;padding-right: 15px !important;padding-bottom: 10px !important;padding-left: 15px !important;}&#8221;][vc_single_image image=&#8221;12653&#8243; img_size=&#8221;full&#8221; alignment=&#8221;center&#8221; css=&#8221;.vc_custom_1682350737194{margin-bottom: 10px !important;}&#8221;]<div class=\"porto-u-heading  wpb_custom_ca7745733337c8ed2017c346bae54ed8\" data-hspacer=\"no_spacer\" data-halign=\"center\" style=\"text-align:center\"><div class=\"porto-u-main-heading\"><h2   style=\"margin-bottom: 30px;\">Equipos de Datacenters<\/h2><\/div><div class=\"porto-u-sub-heading\" style=\"\">\n<div class=\"content-btn\">\n<div class=\"content-btn_iner\"><a class=\"btn-cotizar\" href=\"https:\/\/sitpanama.net\/equipos-de-datacenters\/\">VER PRODUCTOS<\/a><\/div>\n<\/div>\n<p><\/div><\/div>[\/vc_column_inner][\/vc_row_inner]<\/div>[\/vc_column][\/vc_row][\/vc_section][vc_section full_width=&#8221;stretch_row&#8221; conditional_render=&#8221;%5B%7B%22value_role%22%3A%22administrator%22%7D%5D&#8221; css=&#8221;.vc_custom_1682005081349{padding-top: 50px !important;}&#8221;][vc_row css=&#8221;.vc_custom_1678130880963{padding-bottom: 15px !important;}&#8221; conditional_render=&#8221;%5B%7B%22value_role%22%3A%22administrator%22%7D%5D&#8221;][vc_column]<div class=\"porto-u-heading  wpb_custom_9468b4175ed92f04d009356c5991818d\" data-hspacer=\"no_spacer\" data-halign=\"center\" style=\"text-align:center\"><div class=\"porto-u-main-heading\"><h2   style=\"color:#808181;\">Principales<\/h2><\/div><div class=\"porto-u-sub-heading\" style=\"\">Clientes<\/div><\/div>[\/vc_column][\/vc_row][vc_row css=&#8221;.vc_custom_1678138730356{padding-bottom: 35px !important;}&#8221; conditional_render=&#8221;%5B%7B%22value_role%22%3A%22administrator%22%7D%5D&#8221;][vc_column]<div class=\"porto-carousel owl-carousel has-ccols has-ccols-spacing ccols-xl-5 ccols-lg-4 ccols-md-3 ccols-sm-2 ccols-1 with-carrusel stage-margin wpb_custom_324659f3639fc50e0d07e21da55ccd7b nav-style-1\" data-plugin-options=\"{&quot;stagePadding&quot;:20,&quot;margin&quot;:20,&quot;autoplay&quot;:false,&quot;mouseDrag&quot;:true,&quot;touchDrag&quot;:true,&quot;autoplayTimeout&quot;:5000,&quot;autoplayHoverPause&quot;:false,&quot;items&quot;:5,&quot;lg&quot;:4,&quot;md&quot;:3,&quot;sm&quot;:2,&quot;xs&quot;:1,&quot;nav&quot;:&quot;yes&quot;,&quot;dots&quot;:false,&quot;animateIn&quot;:&quot;&quot;,&quot;animateOut&quot;:&quot;&quot;,&quot;loop&quot;:&quot;yes&quot;,&quot;center&quot;:false,&quot;video&quot;:false,&quot;lazyLoad&quot;:false,&quot;fullscreen&quot;:false}\">[vc_single_image image=&#8221;12427&#8243; img_size=&#8221;full&#8221; alignment=&#8221;center&#8221;][vc_single_image image=&#8221;12428&#8243; img_size=&#8221;full&#8221; alignment=&#8221;center&#8221;][vc_single_image image=&#8221;12429&#8243; img_size=&#8221;full&#8221; alignment=&#8221;center&#8221;][vc_single_image image=&#8221;12430&#8243; img_size=&#8221;full&#8221; alignment=&#8221;center&#8221;][vc_single_image image=&#8221;12431&#8243; img_size=&#8221;full&#8221; alignment=&#8221;center&#8221;][vc_single_image image=&#8221;12432&#8243; img_size=&#8221;full&#8221; alignment=&#8221;center&#8221;][vc_single_image image=&#8221;12433&#8243; img_size=&#8221;full&#8221; alignment=&#8221;center&#8221;][vc_single_image image=&#8221;12434&#8243; img_size=&#8221;full&#8221; alignment=&#8221;center&#8221;][vc_single_image image=&#8221;12435&#8243; img_size=&#8221;full&#8221; alignment=&#8221;center&#8221;][vc_single_image image=&#8221;12436&#8243; img_size=&#8221;full&#8221; alignment=&#8221;center&#8221;][vc_single_image image=&#8221;12437&#8243; img_size=&#8221;full&#8221; alignment=&#8221;center&#8221;][vc_single_image image=&#8221;12438&#8243; img_size=&#8221;full&#8221; alignment=&#8221;center&#8221;][vc_single_image image=&#8221;12439&#8243; img_size=&#8221;full&#8221; alignment=&#8221;center&#8221;]<\/div>[\/vc_column][\/vc_row][\/vc_section][vc_section conditional_render=&#8221;%5B%7B%22value_role%22%3A%22administrator%22%7D%5D&#8221; css=&#8221;.vc_custom_1674590954520{padding-top: 50px !important;}&#8221;][vc_row conditional_render=&#8221;%5B%7B%22value_role%22%3A%22administrator%22%7D%5D&#8221;][vc_column offset=&#8221;vc_col-md-offset-3 vc_col-md-6&#8243; conditional_render=&#8221;%5B%7B%22value_role%22%3A%22administrator%22%7D%5D&#8221; css=&#8221;.vc_custom_1672777558003{padding-bottom: 35px !important;}&#8221;]<div class=\"porto-u-heading  wpb_custom_9468b4175ed92f04d009356c5991818d\" data-hspacer=\"no_spacer\" data-halign=\"center\" style=\"text-align:center\"><div class=\"porto-u-main-heading\"><h2   style=\"color:#808181;\">Mant\u00e9ngase informado<\/h2><\/div><div class=\"porto-u-sub-heading\" style=\"\">\u00daltimas Noticias y Art\u00edculos<\/div><\/div>[\/vc_column][\/vc_row][vc_row css=&#8221;.vc_custom_1671049035249{padding-bottom: 50px !important;}&#8221; conditional_render=&#8221;%5B%7B%22value_role%22%3A%22administrator%22%7D%5D&#8221;][vc_column offset=&#8221;vc_col-md-6&#8243; conditional_render=&#8221;%5B%7B%22value_role%22%3A%22administrator%22%7D%5D&#8221;][\/vc_column][vc_column offset=&#8221;vc_col-md-6&#8243; conditional_render=&#8221;%5B%7B%22value_role%22%3A%22administrator%22%7D%5D&#8221;][\/vc_column][vc_column][vc_btn title=&#8221;VER TODAS&#8221; shape=&#8221;rounded&#8221; size=&#8221;xl&#8221; align=&#8221;center&#8221; skin=&#8221;primary&#8221; btn_fw=&#8221;700&#8243; link=&#8221;url:%23&#8243;][\/vc_column][\/vc_row][\/vc_section][vc_section full_width=&#8221;stretch_row&#8221; css=&#8221;.vc_custom_1676737527035{background-color: #f4f4f4 !important;}&#8221; conditional_render=&#8221;%5B%7B%22value_role%22%3A%22administrator%22%7D%5D&#8221;][vc_row][vc_column offset=&#8221;vc_col-md-offset-2 vc_col-md-8&#8243; conditional_render=&#8221;%5B%7B%22value_role%22%3A%22administrator%22%7D%5D&#8221;]<div class=\"porto-u-heading pb-3  wpb_custom_95aa9a11c17ad45cfabaf210d84ee7cc\" data-hspacer=\"no_spacer\" data-halign=\"center\" style=\"text-align:center\"><div class=\"porto-u-main-heading\"><h2  >Suscr\u00edbete a nuestro bolet\u00edn mensual<\/h2><\/div><div class=\"porto-u-sub-heading\" style=\"\">Para estar al tanto sobre promociones y noticias<\/div><\/div>[vc_row_inner][vc_column_inner css=&#8221;.vc_custom_1676385434012{padding-bottom: 35px !important;}&#8221;]\n<div class=\"wpcf7 no-js\" id=\"wpcf7-f11524-o1\" lang=\"es-ES\" dir=\"ltr\" data-wpcf7-id=\"11524\">\n<div class=\"screen-reader-response\"><p role=\"status\" aria-live=\"polite\" aria-atomic=\"true\"><\/p> <ul><\/ul><\/div>\n<form action=\"\/en\/wp-json\/wp\/v2\/pages\/13158#wpcf7-f11524-o1\" method=\"post\" class=\"wpcf7-form init\" aria-label=\"Formulario de contacto\" novalidate=\"novalidate\" data-status=\"init\">\n<div style=\"display: none;\">\n<input type=\"hidden\" name=\"_wpcf7\" value=\"11524\" \/>\n<input type=\"hidden\" name=\"_wpcf7_version\" value=\"6.0.6\" \/>\n<input type=\"hidden\" name=\"_wpcf7_locale\" value=\"es_ES\" \/>\n<input type=\"hidden\" name=\"_wpcf7_unit_tag\" value=\"wpcf7-f11524-o1\" \/>\n<input type=\"hidden\" name=\"_wpcf7_container_post\" value=\"0\" \/>\n<input type=\"hidden\" name=\"_wpcf7_posted_data_hash\" value=\"\" \/>\n<\/div>\n<div class=\"row contact-form-page\">\n\t<div class=\"content-fomr col-lg-12\">\n\t\t<div class=\"content-fomr_box col-12 col-lg-4\">\n\t\t\t<div class=\"form-group\">\n\t\t\t\t<p><span class=\"wpcf7-form-control-wrap\" data-name=\"your-name\"><input size=\"40\" maxlength=\"400\" class=\"wpcf7-form-control wpcf7-text wpcf7-validates-as-required form-control\" id=\"contact-name\" aria-required=\"true\" aria-invalid=\"false\" placeholder=\"Nombre y apellido\" value=\"\" type=\"text\" name=\"your-name\" \/><\/span>\n\t\t\t\t<\/p>\n\t\t\t<\/div>\n\t\t<\/div>\n\t\t<div class=\"content-fomr_box col-12 col-lg-5\">\n\t\t\t<div class=\"form-group\">\n\t\t\t\t<p><span class=\"wpcf7-form-control-wrap\" data-name=\"your-email\"><input size=\"40\" maxlength=\"400\" class=\"wpcf7-form-control wpcf7-email wpcf7-validates-as-required wpcf7-text wpcf7-validates-as-email form-control\" id=\"contact-email\" aria-required=\"true\" aria-invalid=\"false\" placeholder=\"Correo electr\u00f3nico\" value=\"\" type=\"email\" name=\"your-email\" \/><\/span>\n\t\t\t\t<\/p>\n\t\t\t<\/div>\n\t\t<\/div>\n\t\t<div class=\"content-fomr_box col-12 col-lg-3\">\n\t\t\t<div class=\"btn-suscribe\">\n\t\t\t\t<p><input class=\"wpcf7-form-control wpcf7-submit has-spinner btn-fomr\" type=\"submit\" value=\"SUSCR\u00cdBETE\" \/>\n\t\t\t\t<\/p>\n\t\t\t<\/div>\n\t\t<\/div>\n\t<\/div>\n\t<div class=\"cf7-cf-turnstile\" style=\"margin-top: 0px; margin-bottom: -15px;\"> <div id=\"cf-turnstile-cf7-1392501567\" class=\"cf-turnstile\" data-sitekey=\"0x4AAAAAAAD7B7pEZtZVmaU9\" data-theme=\"auto\" data-language=\"auto\" data-size=\"\" data-retry=\"auto\" data-retry-interval=\"1000\" data-action=\"contact-form-7\" data-appearance=\"always\"><\/div> <script>document.addEventListener(\"DOMContentLoaded\", function() { setTimeout(function(){ var e=document.getElementById(\"cf-turnstile-cf7-1392501567\"); e&&!e.innerHTML.trim()&&(turnstile.remove(\"#cf-turnstile-cf7-1392501567\"), turnstile.render(\"#cf-turnstile-cf7-1392501567\", {sitekey:\"0x4AAAAAAAD7B7pEZtZVmaU9\"})); }, 0); });<\/script> <br class=\"cf-turnstile-br cf-turnstile-br-cf7-1392501567\"> <style>#cf-turnstile-cf7-1392501567 { margin-left: -15px; }<\/style> <script>document.addEventListener(\"DOMContentLoaded\",function(){document.querySelectorAll('.wpcf7-form').forEach(function(e){e.addEventListener('submit',function(){if(document.getElementById('cf-turnstile-cf7-1392501567')){setTimeout(function(){turnstile.reset('#cf-turnstile-cf7-1392501567');},1000)}})})});<\/script> <\/div>\n<\/div><input type='hidden' class='wpcf7-pum' value='{\"closepopup\":false,\"closedelay\":0,\"openpopup\":false,\"openpopup_id\":0}' \/><div class=\"wpcf7-response-output\" aria-hidden=\"true\"><\/div>\n<\/form>\n<\/div>\n[\/vc_column_inner][\/vc_row_inner][\/vc_column][\/vc_row][\/vc_section]<\/p>\n<\/div>","protected":false},"excerpt":{"rendered":"<p>[vc_section full_width=&#8221;stretch_row&#8221; css_animation=&#8221;fadeIn&#8221; css=&#8221;.vc_custom_1678130896433{padding-top: 60px !important;padding-bottom: 35px !important;}&#8221; conditional_render=&#8221;%5B%7B%22value_role%22%3A%22administrator%22%7D%5D&#8221;][vc_row][vc_column width=&#8221;1\/2&#8243;][vc_single_image image=&#8221;12172&#8243; img_size=&#8221;full&#8221; alignment=&#8221;center&#8221;][\/vc_column][vc_column width=&#8221;1\/2&#8243; el_class=&#8221;pl-lg-5&#8243; conditional_render=&#8221;%5B%7B%22value_role%22%3A%22administrator%22%7D%5D&#8221;][vc_column_text css_animation=&#8221;fadeInRight&#8221;]Le ayudamos a lograr sus objetivos empresariales y financieros mediante soluciones tecnol\u00f3gicas de \u00faltima generaci\u00f3n. En SIT Panam\u00e1 creemos fielmente que la tecnolog\u00eda juega un papel muy fundamental en el desarrollo de la regi\u00f3n.[\/vc_column_text][vc_btn title=&#8221;LEER M\u00c1S&#8221; shape=&#8221;rounded&#8221; size=&#8221;xl&#8221; align=&#8221;left&#8221; [&hellip;]<\/p>\n","protected":false},"author":1,"featured_media":0,"parent":0,"menu_order":0,"comment_status":"closed","ping_status":"closed","template":"","meta":{"inline_featured_image":false,"footnotes":""},"class_list":["post-13158","page","type-page","status-publish","hentry"],"_links":{"self":[{"href":"https:\/\/sitpanama.net\/en\/wp-json\/wp\/v2\/pages\/13158","targetHints":{"allow":["GET"]}}],"collection":[{"href":"https:\/\/sitpanama.net\/en\/wp-json\/wp\/v2\/pages"}],"about":[{"href":"https:\/\/sitpanama.net\/en\/wp-json\/wp\/v2\/types\/page"}],"author":[{"embeddable":true,"href":"https:\/\/sitpanama.net\/en\/wp-json\/wp\/v2\/users\/1"}],"replies":[{"embeddable":true,"href":"https:\/\/sitpanama.net\/en\/wp-json\/wp\/v2\/comments?post=13158"}],"version-history":[{"count":1,"href":"https:\/\/sitpanama.net\/en\/wp-json\/wp\/v2\/pages\/13158\/revisions"}],"predecessor-version":[{"id":13159,"href":"https:\/\/sitpanama.net\/en\/wp-json\/wp\/v2\/pages\/13158\/revisions\/13159"}],"wp:attachment":[{"href":"https:\/\/sitpanama.net\/en\/wp-json\/wp\/v2\/media?parent=13158"}],"curies":[{"name":"wp","href":"https:\/\/api.w.org\/{rel}","templated":true}]}}